{"id":1974,"date":"2015-04-09T13:14:30","date_gmt":"2015-04-09T13:14:30","guid":{"rendered":"https:\/\/artfronthungary.hu\/?page_id=1974"},"modified":"2023-12-18T16:00:13","modified_gmt":"2023-12-18T16:00:13","slug":"gobolyos-kristof","status":"publish","type":"page","link":"https:\/\/artfronthungary.hu\/en\/studio\/gobolyos-kristof\/","title":{"rendered":"G\u00f6b\u00f6ly\u00f6s Krist\u00f3f"},"content":{"rendered":"<div class=\"wpb-content-wrapper\"><div class=\"vc_row wpb_row vc_row-fluid\"><div class=\"wpb_column vc_column_container vc_col-sm-6\"><div class=\"vc_column-inner\"><div class=\"wpb_wrapper\">\n\t<div class=\"wpb_text_column wpb_content_element\" >\n\t\t<div class=\"wpb_wrapper\">\n\t\t\t<h5><strong>G\u00f6b\u00f6ly\u00f6s Krist\u00f3f <\/strong>bels\u0151\u00e9p\u00edt\u00e9sz vezet\u0151 tervez\u0151<\/h5>\n<h5>Bp., 1969. aug. 18.<\/h5>\n<h5>iroda: 1024 Bp., Kis R\u00f3kus u. 39\/a.<\/h5>\n<h5>e-mail: <a href=\"mailto:artfront@artfronthungary.hu\">artfront(at)artfronthungary(dot)hu<\/a><\/h5>\n<h5>Kamarai tagnyilv\u00e1ntart\u00e1si sz\u00e1m: B\u00c91 01-2471<\/h5>\n<h5>szakmai c\u00edm*: B\u00c9\/1 bels\u0151\u00e9p\u00edt\u00e9sz vezet\u0151 tervez\u0151<\/h5>\n<h5>tov\u00e1bbi szakmai c\u00edm**: M\u0171eml\u00e9kek ter\u00fclet\u00e9n gyakorlott<\/h5>\n\n\t\t<\/div>\n\t<\/div>\n<\/div><\/div><\/div><div class=\"wpb_column vc_column_container vc_col-sm-6\"><div class=\"vc_column-inner\"><div class=\"wpb_wrapper\">\n\t<div  class=\"wpb_single_image wpb_content_element vc_align_left wpb_content_element\">\n\t\t\n\t\t<figure class=\"wpb_wrapper vc_figure\">\n\t\t\t<div class=\"vc_single_image-wrapper   vc_box_border_grey\"><img loading=\"lazy\" decoding=\"async\" width=\"291\" height=\"300\" src=\"https:\/\/artfronthungary.hu\/wp-content\/uploads\/2015\/04\/Gobolyos-Kristof-291x300.png\" class=\"vc_single_image-img attachment-medium\" alt=\"\" title=\"Gobolyos Kristof\" srcset=\"https:\/\/artfronthungary.hu\/wp-content\/uploads\/2015\/04\/Gobolyos-Kristof-291x300.png 291w, https:\/\/artfronthungary.hu\/wp-content\/uploads\/2015\/04\/Gobolyos-Kristof.png 612w\" sizes=\"auto, (max-width: 291px) 100vw, 291px\" data-full-size=\"612x632\" \/><\/div>\n\t\t<\/figure>\n\t<\/div>\n<\/div><\/div><\/div><\/div><div class=\"vc_row wpb_row vc_row-fluid\"><div class=\"wpb_column vc_column_container vc_col-sm-12\"><div class=\"vc_column-inner\"><div class=\"wpb_wrapper\">\n\t<div class=\"wpb_text_column wpb_content_element\" >\n\t\t<div class=\"wpb_wrapper\">\n\t\t\t<h4>\u00f6n\u00e9letrajz:<\/h4>\n<p>B\u00fatortervez\u0151, m\u0171b\u00fatorasztalos \u00e9s b\u00fatorrestaur\u00e1tor v\u00e9gzetts\u00e9get szerzett 1987-ben a K\u00e9pz\u0151- \u00e9s Iparm\u0171v\u00e9szeti Szakk\u00f6z\u00e9piskol\u00e1ban, majd 1992-ben az akkori Magyar Iparm\u0171v\u00e9szeti F\u0151iskola (ma MOME) \u00e9p\u00edt\u00e9sz szak\u00e1n bels\u0151\u00e9p\u00edt\u00e9sz-b\u00fatortervez\u0151-, majd 1995-ben a f\u0151iskola Mesterk\u00e9pz\u0151 Int\u00e9zet\u00e9ben k\u00f6rnyezeti formatervez\u0151 diplom\u00e1t kapott. 1990-95 k\u00f6z\u00f6tt mag\u00e1ntervez\u0151, majd 1997-ben m\u00e1sodmag\u00e1val megalap\u00edtotta az Art Front \u00c9p\u00edt\u00e9sz-bels\u0151\u00e9p\u00edt\u00e9sz M\u0171terem Kft-t amelynek vezet\u0151 tervez\u0151je 2009-ig. Ekkor \u00faj m\u0171termet hoz l\u00e9tre ArtFront Hungary Kft. n\u00e9ven amelynek keretein bel\u00fcl \u00e9p\u00edt\u00e9szeti \u00e9s bels\u0151\u00e9p\u00edt\u00e9szeti tervez\u00e9st folytat.<\/p>\n<p style=\"text-align: justify;\">K\u00f6z\u00e9p\u00fcletek, int\u00e9zm\u00e9nyek \u00e9s v\u00e1llalati irod\u00e1k tervez\u00e9se mellett foglalkozik csal\u00e1di h\u00e1zak, vill\u00e1k \u00e9s mag\u00e1nlak\u00e1sok bels\u0151\u00e9p\u00edt\u00e9szeti kialak\u00edt\u00e1s\u00e1val. A MAOE tagja, 2011-t\u0151l a M\u00c9K Bels\u0151\u00e9p\u00edt\u00e9sz tagozat\u00e1nak vezet\u0151s\u00e9gi tagja.<\/p>\n<h5><strong>Szakmai szervezeti tags\u00e1g:<\/strong><\/h5>\n<h5>2014 &#8211; MABE \u2013 a Magyar Bels\u0151\u00e9p\u00edt\u00e9szek Egyes\u00fclete tagja<\/h5>\n<h5>2011 &#8211; M\u00c9K \u2013 a Magyar \u00c9p\u00edt\u00e9sz Kamara &#8211; Bels\u0151\u00e9p\u00edt\u00e9sz Tagozat &#8211; vezet\u0151s\u00e9gi tagja<\/h5>\n<h5>1999 &#8211; M\u00c9K \u2013 a Magyar \u00c9p\u00edt\u00e9szkamara tagja<\/h5>\n<h5>1995 &#8211; MAOE \u2013 a Magyar Alkot\u00f3m\u0171v\u00e9szek Orsz\u00e1gos Egyes\u00fclet\u00e9nek tagja<\/h5>\n<h4><strong>Szakmai munk\u00e1ss\u00e1ga: k\u00f6z\u00fcleti megb\u00edz\u00e1sok, 1993-t\u00f3l<\/strong> a fontosabbak:<\/h4>\n<p>ki\u00e1ll\u00edt\u00e1si standok bel- \u00e9s k\u00fclf\u00f6ldre,1994|K\u00f6nyvesbolt, Bp., VI. ker., Nagymez\u0151 u. 2002|Fauna Rt. vad\u00e1szh\u00e1za, Nagybajom, 2002|Vill\u00e1nyi Bor\u00e1szat Rt, Vill\u00e1ny, Ady fasor 2., 2005|Hotel OTP Birkenhof, Austria, Badkleinkircheim, Gurktaler Weg 6., 2005|DunaPest condominium k\u00e9t aul\u00e1ja, Bp. IX\u00a0 Lechner \u00d6d\u00f6n Fasor 1-3. 2009|Hotel Otp. Szov\u00e1ta, Pacsirta Villa, Rom\u00e1nia, 2010|Tr\u00f3fea Grill \u00e9tterem, \u00d3buda, Bp. III. ker. Laktanya u. 3-5., 2013|Tr\u00f3fea Grill \u00e9tterem, Zugl\u00f3, Bp. XIV. ker. Erzs\u00e9bet Kir\u00e1lyn\u00e9 \u00fatja 5., 2013|Tr\u00f3fea Grill \u00e9tterem \u00dajbuda, Bp. XI. ker. Hauszmann Alajos u. 6\/b., 2013|Lotus Plaza &#8211; fejleszt\u00e9sek, Nagyv\u00e1rad, Rom\u00e1nia, Str. Nufarului nr. 30, cod: 410583, Oradea, Romania.<\/p>\n<h4><strong>Luxusvill\u00e1k \u00e9s mag\u00e1nlak\u00e1sok 1995-t\u0151l<\/strong> &#8211; a fontosabbak:<\/h4>\n<p>1997|Rezidencia\u00e9p\u00fclet, Bp., XII. ker., Zirzen Janka u. 44., 1998|Mag\u00e1nlak\u00e1s, Bp., V. ker., V\u00f6r\u00f6smarty t\u00e9r 2., 1999|M\u0171teremh\u00e1z, Bp., XII. ker., Zilzer Janka u. 44., 2009|villa\u00e9p\u00fclet, P\u00e9cs, Mileva utca., 2009|luxus lak\u00e1s, Bp. II. ker. Garas utca,<\/p>\n<h4><strong>2000-t\u0151l iroda tervez\u00e9si munk\u00e1k<\/strong> \u2013 a fontosabbak:<\/h4>\n<p>2000|Szecskay \u00dcgyv\u00e9di Iroda fogad\u00f3terei, Bp., V. ker., Kossuth t\u00e9r 16-17., 200|WELL Rekl\u00e1m\u00fcgyn\u00f6ks\u00e9g irodah\u00e1za, Bp., XII. ker., Orb\u00e1nhegyi \u00fat 50., 2002|OTP Bank Rt. Bab\u00e9r utacai Sz\u00e9kh\u00e1za eln\u00f6k-vez\u00e9rigazgat\u00f3i irod\u00e1k \u00e9s konferenciatermei, Bp., Bab\u00e9r u. 9., 2002|OTP Bank Rt. sz\u00e9kh\u00e1za \u2013 \u2019Barna Terem\u2019 konferenciaterem, Bp., N\u00e1dor u. 16. 2003-2007|MOL Nyrt. fels\u0151vezet\u0151i irod\u00e1i, aul\u00e1i, f\u00f6ldszinti k\u00e1v\u00e9z\u00f3 \u00e9s szolg\u00e1ltat\u00f3 terei, Bp. XI. ker. Okt\u00f3ber huszonharmadika u. 18., 2006|Trigr\u00e1nit Rt. fels\u0151vezet\u0151i irod\u00e1i \u00e9s\u00a0 konferenciatermei, Bp., Westend \u2013 S\u00f3 h\u00e1z, V\u00e1ci \u00fat 1-3., 2007|Microsoft Magyarorsz\u00e1g \u2013 irodah\u00e1z \u201eA\u201d \u00e9p\u00fcletr\u00e9sz\u00a0&#8211; v\u00e1zlat tervez\u00e9s Bp., 1031, Graphisoft Park, Z\u00e1hony utca 7., 2007|MVM Zrt. Szentendrei \u00fati \u00faj sz\u00e9kh\u00e1za, komplett tervez\u00e9se,\u00a0Bp., III. ker., Szentendrei \u00fat 207-209., 2008|Bige Holding irodah\u00e1za, 4400 Ny\u00edregyh\u00e1za, Magyarorsz\u00e1g., 2010|Aegis Media &#8211; Kirowski-Isobar m\u00e9dia\u00fcgyn\u00f6ks\u00e9g irod\u00e1i, Bp. II. ker. Kacsa u. 15-23., 2011|OTP Takar\u00e9kpalota, ny\u00edregyh\u00e1zi fi\u00f3k, 4400, Ny\u00edregyh\u00e1za, R\u00e1k\u00f3czi u. 1., 2011|Allianz \u00fcgyf\u00e9lszolg\u00e1lati irod\u00e1k standard kialak\u00edt\u00e1sa, K3 irodah\u00e1z, Bp. VIII.ker. K\u00f6nyves K\u00e1lm\u00e1n k\u00f6r\u00fat 48-52., 2011|DSK Bank sz\u00e9kh\u00e1za, Bulgaria 1036, Sofia, G. Benkovszi str. 5., 2011|Otp Bank Nyrt. \u2013 Andr\u00e1ssy \u00fat 6. kiemelt \u201eA\u201d kateg\u00f3ri\u00e1s fi\u00f3k tervez\u00e9se., 2013|Aegis Media Hungary &#8211; M\u00e9dia\u00fcgyn\u00f6ks\u00e9g irod\u00e1i, Pp. II. ker. Kacsa u. 15-23.<strong>,<\/strong><\/p>\n<h4><strong>Csoportos ki\u00e1ll\u00edt\u00e1sok:<\/strong><\/h4>\n<p>2003|Hol tartunk? Magyar Bels\u0151\u00e9p\u00edt\u00e9szet 2003|IM, Bp., 2011|A bels\u0151\u00e9p\u00edt\u00e9szet min\u0151s\u00e9gi t\u00e9rform\u00e1l\u00e1s|Fuga, Bp.<\/p>\n<h4><strong>D\u00edjak \u00e9s szakmai elismer\u00e9sek: <\/strong><\/h4>\n<p>1994|Formica Orsz\u00e1gos t\u00e1rgy tervez\u00e9si p\u00e1ly\u00e1zat II. d\u00edja., 1994|Euroleasing Kft. sz\u00e9kh\u00e1z p\u00e1ly\u00e1zat\u00e1nak II. d\u00edja (mt.Borsos \u00cdrisz,Kov\u00e1cs Csabal)., 2000|Well Rekl\u00e1m\u00fcgyn\u00f6ks\u00e9g irodah\u00e1z-p\u00e1ly\u00e1zat I. d\u00edjazott (mt.Szentp\u00e9teri Andr\u00e1s)., 2011|Magyar \u00c9p\u00edt\u00e9sz Kamara standja \u2013 innovat\u00edv k\u00fcl\u00f6nd\u00edj Construma (mt.Medveczky Kazimir, Mikics Andr\u00e1s, Szenes Istv\u00e1n), 2011|Otp Bank Nyrt. fi\u00f3kh\u00e1l\u00f3zat arculati fejleszt\u00e9se \u2013 p\u00e1ly\u00e1zat I. d\u00edj (tt.Koch J\u00f3zsef, Bak\u00f3 Attila, Horv\u00e1th Margit,Talli\u00e1n Anik\u00f3), 2012|\u201cTERM\u00c9SZETES K\u0150 AZ \u00c9P\u00cdT\u00c9SZETBEN \u2013 2012\u2033 d\u00edj\u00a0(Villa\u00e9p\u00fclet, D\u00e9l Magyarorsz\u00e1g | tt.Kov\u00e1cs Csaba, \u00c1sztai B\u00e1lint,Talli\u00e1n Anik\u00f3), 2012<strong>|<\/strong>A bulg\u00e1riai BUILDING OF THE YEAR 2012 &#8211; d\u00edj \u2013 v\u00e1llalati \u00e9s adminisztrat\u00edv \u00e9p\u00fcletek kategoria gy\u0151ztese (DSK Bank head office building | mt.Cseh K\u00e1lm\u00e1n), 2012 | A M\u00e9dia \u00c9p\u00edt\u00e9szeti D\u00edja 2012, k\u00f6z\u00f6ns\u00e9gszavaz\u00e1s\u00e1nak nyertese (csal\u00e1di h\u00e1z Budapest agglomer\u00e1ci\u00f3j\u00e1ban), 2012|\u00c9V LAK\u00d3H\u00c1ZA D\u00cdJ 2012 (Vend\u00e9gh\u00e1z, P\u00e9cs | tt.Kov\u00e1cs Csaba,\u00c1sztai B\u00e1lint,Talli\u00e1n Anik\u00f3), 2012|PRO ARCHITECTURA D\u00cdJ 2012. (D\u00e9l-magyarorsz\u00e1gi villa\u00e9p\u00fclet \u00e9s vend\u00e9gh\u00e1z | tt.Kov\u00e1cs Csaba,\u00c1sztai B\u00e1lint,Talli\u00e1n Anik\u00f3), 2014|AZ \u00c9V IROD\u00c1JA 2014 K\u00dcL\u00d6ND\u00cdJ <strong>|<\/strong> Nitrog\u00e9nm\u0171vek Zrt irod\u00e1i a MOM Parkban (mt. Attila Bak\u00f3, Anik\u00f3 Talli\u00e1n, Gabriella Feh\u00e9r), 2014|AZ \u00c9V IROD\u00c1JA 2014 D\u00cdJ<strong> | <\/strong>a Dentsu Aegis Network Hungary Media Kft. irod\u00e1i a Kacsa utc\u00e1ban (mt.: Henrietta Nagy, P\u00e9ter Bander, Ferenc T\u00f6r\u0151csik, Bal\u00e1zs Tompa, Katalin Nagy),<\/p>\n<p>&nbsp;<\/p>\n<p id=\"C6\"><strong>* A szakmai c\u00edmekr\u0151l: <\/strong>A 266\/2013. (VII. 11.) Korm. rendelet <b>6. Szakmai c\u00edmek fejezete:<br \/>\n<\/b><\/p>\n<h6><b>13. \u00a7<\/b> (1)<sup><a href=\"http:\/\/njt.hu\/cgi_bin\/njt_doc.cgi?docid=161886#foot13\" name=\"foot_13_place\">13<\/a><\/sup> A ter\u00fcleti kamara az orsz\u00e1gos kamarai szab\u00e1lyzat\u00e1ban meghat\u00e1rozott elj\u00e1r\u00e1srend szerint szakmai c\u00edmet adhat a kamarai tags\u00e1ggal rendelkez\u0151 k\u00e9relmez\u0151nek. A szakmai c\u00edm nem eredm\u00e9nyeztet \u00fajabb jogosults\u00e1got. A c\u00edmet a ter\u00fcleti kamara titk\u00e1ra \u00e1ltal vezetett \u00e9p\u00edt\u00e9s\u00fcgyi szakmagyakorl\u00f3k n\u00e9vjegyz\u00e9k\u00e9ben (a tov\u00e1bbiakban: n\u00e9vjegyz\u00e9k) fel kell t\u00fcntetni.<\/h6>\n<h6>(2)<strong> A vezet\u0151 tervez\u0151i c\u00edm<\/strong>hez a tervez\u0151nek magas sz\u00ednvonal\u00fa tudom\u00e1nyos-m\u0171szaki felk\u00e9sz\u00fclts\u00e9ggel \u00e9s referenci\u00e1kkal kell rendelkeznie. A c\u00edm megszerz\u00e9s\u00e9re ir\u00e1nyul\u00f3 k\u00e9relmet a ter\u00fcleti kamara az erre vonatkoz\u00f3 orsz\u00e1gos kamarai szab\u00e1lyzat alapj\u00e1n b\u00edr\u00e1lja el. A c\u00edm birtokos\u00e1nak a jogosult tervez\u00e9si szakter\u00fcleten legal\u00e1bb 10 \u00e9ves kiemelked\u0151 sz\u00ednvonal\u00fa tervez\u00e9si tev\u00e9kenys\u00e9ggel kell rendelkeznie. Vezet\u0151 tervez\u0151 c\u00edmmel rendelkez\u0151 szem\u00e9ly v\u00e9gezheti \u2013 erre ir\u00e1nyul\u00f3 megb\u00edz\u00e1s alapj\u00e1n \u2013 az \u00e9p\u00edt\u00e9szeti-m\u0171szaki dokument\u00e1ci\u00f3 szakmai ellen\u0151rz\u00e9s\u00e9t (tervellen\u0151rz\u00e9s).<\/h6>\n<h6 class=\"UJ\">(8)<sup><a href=\"http:\/\/njt.hu\/cgi_bin\/njt_doc.cgi?docid=161886#foot14\" name=\"foot_14_place\">14<\/a><\/sup> \u201e<strong>M\u0171eml\u00e9kek ter\u00fclet\u00e9n gyakorlott\u201d c\u00edm<\/strong>et az a szakmagyakorl\u00e1si jogosults\u00e1ggal rendelkez\u0151 \u00e9p\u00edt\u00e9sz tervez\u0151, bels\u0151\u00e9p\u00edt\u00e9sz tervez\u0151, \u00e9p\u00edt\u00e9si m\u0171szaki ellen\u0151r \u00e9s energetikai tan\u00fas\u00edt\u00f3 k\u00e9rheti, aki a saj\u00e1t szakter\u00fclet\u00e9n m\u0171eml\u00e9ki v\u00e9delem alatt \u00e1ll\u00f3 \u00e9p\u00edtm\u00e9ny vonatkoz\u00e1s\u00e1ban h\u00e1rom \u00e9v gyakorlatot igazol.<\/h6>\n<p><a title=\"266\/2013. (VII. 11.) Korm. rendelet  az \u00e9p\u00edt\u00e9s\u00fcgyi \u00e9s az \u00e9p\u00edt\u00e9s\u00fcggyel \u00f6sszef\u00fcgg\u0151 szakmagyakorl\u00e1si tev\u00e9kenys\u00e9gekr\u0151l\" href=\"http:\/\/njt.hu\/cgi_bin\/njt_doc.cgi?docid=161886\" target=\"_blank\" rel=\"noopener\">link a jogszab\u00e1lyhoz itt<\/a><\/p>\n\n\t\t<\/div>\n\t<\/div>\n<\/div><\/div><\/div><\/div><div class=\"vc_row wpb_row vc_row-fluid\"><div class=\"wpb_column vc_column_container vc_col-sm-12\"><div class=\"vc_column-inner\"><div class=\"wpb_wrapper\"><div class=\"vc_separator wpb_content_element vc_separator_align_center vc_sep_width_100 vc_sep_pos_align_center vc_sep_color_grey wpb_content_element vc_separator-has-text\" ><span class=\"vc_sep_holder vc_sep_holder_l\"><span class=\"vc_sep_line\"><\/span><\/span><h4>Title<\/h4><span class=\"vc_sep_holder vc_sep_holder_r\"><span class=\"vc_sep_line\"><\/span><\/span>\n<\/div><\/div><\/div><\/div><\/div>\n<\/div>","protected":false},"excerpt":{"rendered":"G\u00f6b\u00f6ly\u00f6s Krist\u00f3f bels\u0151\u00e9p\u00edt\u00e9sz vezet\u0151 tervez\u0151 Bp., 1969. aug. 18. iroda: 1024 Bp., Kis R\u00f3kus u. 39\/a. e-mail: artfront(at)artfronthungary(dot)hu Kamarai tagnyilv\u00e1ntart\u00e1si sz\u00e1m: B\u00c91 01-2471 szakmai c\u00edm*: B\u00c9\/1 bels\u0151\u00e9p\u00edt\u00e9sz vezet\u0151 tervez\u0151 tov\u00e1bbi szakmai c\u00edm**: M\u0171eml\u00e9kek ter\u00fclet\u00e9n gyakorlott \u00f6n\u00e9letrajz: B\u00fatortervez\u0151, m\u0171b\u00fatorasztalos \u00e9s b\u00fatorrestaur\u00e1tor v\u00e9gzetts\u00e9get szerzett 1987-ben a K\u00e9pz\u0151- \u00e9s Iparm\u0171v\u00e9szeti Szakk\u00f6z\u00e9piskol\u00e1ban, majd 1992-ben az akkori Magyar Iparm\u0171v\u00e9szeti F\u0151iskola [...]","protected":false},"author":1,"featured_media":0,"parent":560,"menu_order":0,"comment_status":"closed","ping_status":"closed","template":"","meta":{"_monsterinsights_skip_tracking":false,"_monsterinsights_sitenote_active":false,"_monsterinsights_sitenote_note":"","_monsterinsights_sitenote_category":0,"footnotes":""},"class_list":["post-1974","page","type-page","status-publish","hentry"],"aioseo_notices":[],"_links":{"self":[{"href":"https:\/\/artfronthungary.hu\/en\/wp-json\/wp\/v2\/pages\/1974","targetHints":{"allow":["GET"]}}],"collection":[{"href":"https:\/\/artfronthungary.hu\/en\/wp-json\/wp\/v2\/pages"}],"about":[{"href":"https:\/\/artfronthungary.hu\/en\/wp-json\/wp\/v2\/types\/page"}],"author":[{"embeddable":true,"href":"https:\/\/artfronthungary.hu\/en\/wp-json\/wp\/v2\/users\/1"}],"replies":[{"embeddable":true,"href":"https:\/\/artfronthungary.hu\/en\/wp-json\/wp\/v2\/comments?post=1974"}],"version-history":[{"count":0,"href":"https:\/\/artfronthungary.hu\/en\/wp-json\/wp\/v2\/pages\/1974\/revisions"}],"up":[{"embeddable":true,"href":"https:\/\/artfronthungary.hu\/en\/wp-json\/wp\/v2\/pages\/560"}],"wp:attachment":[{"href":"https:\/\/artfronthungary.hu\/en\/wp-json\/wp\/v2\/media?parent=1974"}],"curies":[{"name":"wp","href":"https:\/\/api.w.org\/{rel}","templated":true}]}}