{"id":28,"date":"2015-03-02T11:34:23","date_gmt":"2015-03-02T11:34:23","guid":{"rendered":"http:\/\/www.artfront.hu\/?page_id=28"},"modified":"2026-02-04T21:09:22","modified_gmt":"2026-02-04T21:09:22","slug":"home","status":"publish","type":"page","link":"https:\/\/artfronthungary.hu\/en\/","title":{"rendered":"Home page"},"content":{"rendered":"<div class=\"wpb-content-wrapper\"><div class=\"vc_row wpb_row vc_row-fluid\"><div class=\"wpb_column vc_column_container vc_col-sm-12\" id=\"legfrissebb_projektek\"><div class=\"vc_column-inner\"><div class=\"wpb_wrapper\"><div class=\"vc_empty_space\"   style=\"height: 20px\"><span class=\"vc_empty_space_inner\"><\/span><\/div><div class=\"vc_row wpb_row vc_inner vc_row-fluid vc_row-o-content-middle vc_row-flex\"><div class=\"wpb_column vc_column_container vc_col-sm-6\"><div class=\"vc_column-inner\"><div class=\"wpb_wrapper\">\n\t<div  class=\"wpb_single_image wpb_content_element vc_align_left wpb_content_element wpb_animate_when_almost_visible wpb_left-to-right left-to-right  AFH-logo\">\n\t\t\n\t\t<figure class=\"wpb_wrapper vc_figure\">\n\t\t\t<div class=\"vc_single_image-wrapper   vc_box_border_grey\"><img decoding=\"async\" class=\"vc_single_image-img\" src=\"https:\/\/artfronthungary.hu\/wp-content\/uploads\/2024\/01\/AFT-Logo-76x25.png\" width=\"76\" height=\"25\" alt=\"AFT logo bw\" title=\"AFT logo bw\" loading=\"lazy\" \/><\/div>\n\t\t<\/figure>\n\t<\/div>\n<\/div><\/div><\/div><div class=\"wpb_column vc_column_container vc_col-sm-6\"><div class=\"vc_column-inner\"><div class=\"wpb_wrapper\">\n\t<div class=\"wpb_text_column wpb_content_element wpb_animate_when_almost_visible wpb_right-to-left right-to-left AFH-label\" >\n\t\t<div class=\"wpb_wrapper\">\n\t\t\t<p style=\"text-align: right;\"><strong>LATEST PROJECTS<\/strong><\/p>\n\n\t\t<\/div>\n\t<\/div>\n<\/div><\/div><\/div><\/div><\/div><\/div><\/div><\/div><div data-vc-full-width=\"true\" data-vc-full-width-temp=\"true\" data-vc-full-width-init=\"false\" data-vc-stretch-content=\"true\" class=\"vc_row wpb_row vc_row-fluid\"><div class=\"wpb_column vc_column_container vc_col-sm-12 vc_hidden-sm vc_hidden-xs\" id=\"legfrissebb_projektek\"><div class=\"vc_column-inner\"><div class=\"wpb_wrapper\">\n<div class=\"vc_grid-container-wrapper vc_clearfix vc_grid-animation-fadeIn\">\n\t<div class=\"vc_grid-container vc_clearfix wpb_content_element vc_masonry_grid vc_custom_1706111249371 AFH-post-grid\" data-initial-loading-animation=\"fadeIn\" data-vc-grid-settings=\"{&quot;page_id&quot;:28,&quot;style&quot;:&quot;lazy-masonry&quot;,&quot;action&quot;:&quot;vc_get_vc_grid_data&quot;,&quot;shortcode_id&quot;:&quot;1740392268113-2d82b782-aa1c-9&quot;,&quot;items_per_page&quot;:&quot;9&quot;,&quot;tag&quot;:&quot;vc_masonry_grid&quot;}\" data-vc-request=\"https:\/\/artfronthungary.hu\/wp-admin\/admin-ajax.php\" data-vc-post-id=\"28\" data-vc-public-nonce=\"87f97d94cb\">\n\t\t\n\t<\/div>\n<\/div><\/div><\/div><\/div><\/div><div class=\"vc_row-full-width vc_clearfix\"><\/div><div data-vc-full-width=\"true\" data-vc-full-width-temp=\"true\" data-vc-full-width-init=\"false\" data-vc-stretch-content=\"true\" class=\"vc_row wpb_row vc_row-fluid AFH-post-slider\"><div class=\"wpb_column vc_column_container vc_col-sm-12 vc_hidden-lg vc_hidden-md\"><div class=\"vc_column-inner\"><div class=\"wpb_wrapper\">\n\t<div class=\"wpb_gallery wpb_posts_slider wpb_content_element wpb_content_element\" >\n\t\t<div class=\"wpb_wrapper\">\n\t\t\t\n\t\t\t<div class=\"wpb_gallery_slides wpb_flexslider flexslider_slide flexslider\" data-interval=\"3\" data-flex_fx=\"slide\"><ul class=\"slides\"><li><a class=\"link_image\" href=\"https:\/\/artfronthungary.hu\/en\/portfolio\/v33-irodahaz\/\" title=\"Permalink to V33 irodah\u00e1z &#8211; multifunkcion\u00e1lis rendezv\u00e9nyterem\"><img loading=\"lazy\" decoding=\"async\" width=\"300\" height=\"200\" src=\"https:\/\/artfronthungary.hu\/wp-content\/uploads\/2026\/04\/2026.03.Vaci33-175-300x200.jpg\" class=\"attachment-medium\" alt=\"\" title=\"2026.03.Vaci33-175\" srcset=\"https:\/\/artfronthungary.hu\/wp-content\/uploads\/2026\/04\/2026.03.Vaci33-175-300x200.jpg 300w, https:\/\/artfronthungary.hu\/wp-content\/uploads\/2026\/04\/2026.03.Vaci33-175-1024x683.jpg 1024w, https:\/\/artfronthungary.hu\/wp-content\/uploads\/2026\/04\/2026.03.Vaci33-175-150x100.jpg 150w, https:\/\/artfronthungary.hu\/wp-content\/uploads\/2026\/04\/2026.03.Vaci33-175-768x512.jpg 768w, https:\/\/artfronthungary.hu\/wp-content\/uploads\/2026\/04\/2026.03.Vaci33-175-18x12.jpg 18w, https:\/\/artfronthungary.hu\/wp-content\/uploads\/2026\/04\/2026.03.Vaci33-175-500x333.jpg 500w, https:\/\/artfronthungary.hu\/wp-content\/uploads\/2026\/04\/2026.03.Vaci33-175-690x460.jpg 690w, https:\/\/artfronthungary.hu\/wp-content\/uploads\/2026\/04\/2026.03.Vaci33-175-1300x867.jpg 1300w, https:\/\/artfronthungary.hu\/wp-content\/uploads\/2026\/04\/2026.03.Vaci33-175.jpg 1500w\" sizes=\"auto, (max-width: 300px) 100vw, 300px\" data-full-size=\"1500x1000\" \/><\/a><\/li><li><a class=\"link_image\" href=\"https:\/\/artfronthungary.hu\/en\/portfolio\/dream-retreat-a-balaton-home-reimagined\/\" title=\"Permalink to Dream Retreat \u2013 A Balaton Home Reimagined\"><img loading=\"lazy\" decoding=\"async\" width=\"300\" height=\"188\" src=\"https:\/\/artfronthungary.hu\/wp-content\/uploads\/2025\/09\/2025.08.bala-303-1-300x188.jpg\" class=\"attachment-medium\" alt=\"\" title=\"2025.08.bala-303\" srcset=\"https:\/\/artfronthungary.hu\/wp-content\/uploads\/2025\/09\/2025.08.bala-303-1-300x188.jpg 300w, https:\/\/artfronthungary.hu\/wp-content\/uploads\/2025\/09\/2025.08.bala-303-1-1024x640.jpg 1024w, https:\/\/artfronthungary.hu\/wp-content\/uploads\/2025\/09\/2025.08.bala-303-1-150x94.jpg 150w, https:\/\/artfronthungary.hu\/wp-content\/uploads\/2025\/09\/2025.08.bala-303-1-768x480.jpg 768w, https:\/\/artfronthungary.hu\/wp-content\/uploads\/2025\/09\/2025.08.bala-303-1-500x313.jpg 500w, https:\/\/artfronthungary.hu\/wp-content\/uploads\/2025\/09\/2025.08.bala-303-1-690x431.jpg 690w, https:\/\/artfronthungary.hu\/wp-content\/uploads\/2025\/09\/2025.08.bala-303-1-1300x813.jpg 1300w, https:\/\/artfronthungary.hu\/wp-content\/uploads\/2025\/09\/2025.08.bala-303-1.jpg 1500w\" sizes=\"auto, (max-width: 300px) 100vw, 300px\" data-full-size=\"1500x938\" \/><\/a><\/li><li><a class=\"link_image\" href=\"https:\/\/artfronthungary.hu\/en\/portfolio\/5819\/\" title=\"Permalink to Apartment renovation &#8211; home between work and life\"><img loading=\"lazy\" decoding=\"async\" width=\"300\" height=\"259\" src=\"https:\/\/artfronthungary.hu\/wp-content\/uploads\/2025\/06\/PODMANICZKY-UTCA-42-300x259.png\" class=\"attachment-medium\" alt=\"\" title=\"PODMANICZKY STREET 42\" srcset=\"https:\/\/artfronthungary.hu\/wp-content\/uploads\/2025\/06\/PODMANICZKY-UTCA-42-300x259.png 300w, https:\/\/artfronthungary.hu\/wp-content\/uploads\/2025\/06\/PODMANICZKY-UTCA-42-150x129.png 150w, https:\/\/artfronthungary.hu\/wp-content\/uploads\/2025\/06\/PODMANICZKY-UTCA-42-768x662.png 768w, https:\/\/artfronthungary.hu\/wp-content\/uploads\/2025\/06\/PODMANICZKY-UTCA-42-500x431.png 500w, https:\/\/artfronthungary.hu\/wp-content\/uploads\/2025\/06\/PODMANICZKY-UTCA-42-690x595.png 690w, https:\/\/artfronthungary.hu\/wp-content\/uploads\/2025\/06\/PODMANICZKY-UTCA-42.png 923w\" sizes=\"auto, (max-width: 300px) 100vw, 300px\" data-full-size=\"923x796\" \/><\/a><\/li><li><a class=\"link_image\" href=\"https:\/\/artfronthungary.hu\/en\/portfolio\/redesigned-arrival-a-refined-lobby-at-rumbach-center\/\" title=\"Permalink to Redesigned Arrival \u2013 A Refined Lobby  for BKK  at Rumbach Center\"><img loading=\"lazy\" decoding=\"async\" width=\"300\" height=\"200\" src=\"https:\/\/artfronthungary.hu\/wp-content\/uploads\/2025\/06\/rumbach_-9-300x200.jpg\" class=\"attachment-medium\" alt=\"\" title=\"rumbach_ (9)\" srcset=\"https:\/\/artfronthungary.hu\/wp-content\/uploads\/2025\/06\/rumbach_-9-300x200.jpg 300w, https:\/\/artfronthungary.hu\/wp-content\/uploads\/2025\/06\/rumbach_-9-1024x682.jpg 1024w, https:\/\/artfronthungary.hu\/wp-content\/uploads\/2025\/06\/rumbach_-9-150x100.jpg 150w, https:\/\/artfronthungary.hu\/wp-content\/uploads\/2025\/06\/rumbach_-9-768x512.jpg 768w, https:\/\/artfronthungary.hu\/wp-content\/uploads\/2025\/06\/rumbach_-9-1536x1024.jpg 1536w, https:\/\/artfronthungary.hu\/wp-content\/uploads\/2025\/06\/rumbach_-9-500x333.jpg 500w, https:\/\/artfronthungary.hu\/wp-content\/uploads\/2025\/06\/rumbach_-9-690x460.jpg 690w, https:\/\/artfronthungary.hu\/wp-content\/uploads\/2025\/06\/rumbach_-9-1300x866.jpg 1300w, https:\/\/artfronthungary.hu\/wp-content\/uploads\/2025\/06\/rumbach_-9-1660x1106.jpg 1660w, https:\/\/artfronthungary.hu\/wp-content\/uploads\/2025\/06\/rumbach_-9-1920x1280.jpg 1920w, https:\/\/artfronthungary.hu\/wp-content\/uploads\/2025\/06\/rumbach_-9.jpg 2000w\" sizes=\"auto, (max-width: 300px) 100vw, 300px\" data-full-size=\"2000x1333\" \/><\/a><\/li><li><a class=\"link_image\" href=\"https:\/\/artfronthungary.hu\/en\/portfolio\/parliament-views-over-the-danube\/\" title=\"Permalink to Parliament Views over the Danube \u2013 City Living with a View\"><img loading=\"lazy\" decoding=\"async\" width=\"300\" height=\"169\" src=\"https:\/\/artfronthungary.hu\/wp-content\/uploads\/2025\/06\/Nappali-1-300x169.png\" class=\"attachment-medium\" alt=\"\" title=\"Nappali\" srcset=\"https:\/\/artfronthungary.hu\/wp-content\/uploads\/2025\/06\/Nappali-1-300x169.png 300w, https:\/\/artfronthungary.hu\/wp-content\/uploads\/2025\/06\/Nappali-1-1024x576.png 1024w, https:\/\/artfronthungary.hu\/wp-content\/uploads\/2025\/06\/Nappali-1-150x84.png 150w, https:\/\/artfronthungary.hu\/wp-content\/uploads\/2025\/06\/Nappali-1-768x432.png 768w, https:\/\/artfronthungary.hu\/wp-content\/uploads\/2025\/06\/Nappali-1-1536x864.png 1536w, https:\/\/artfronthungary.hu\/wp-content\/uploads\/2025\/06\/Nappali-1-500x281.png 500w, https:\/\/artfronthungary.hu\/wp-content\/uploads\/2025\/06\/Nappali-1-690x388.png 690w, https:\/\/artfronthungary.hu\/wp-content\/uploads\/2025\/06\/Nappali-1-1300x731.png 1300w, https:\/\/artfronthungary.hu\/wp-content\/uploads\/2025\/06\/Nappali-1-1660x934.png 1660w, https:\/\/artfronthungary.hu\/wp-content\/uploads\/2025\/06\/Nappali-1.png 1920w\" sizes=\"auto, (max-width: 300px) 100vw, 300px\" data-full-size=\"1920x1080\" \/><\/a><\/li><li><a class=\"link_image\" href=\"https:\/\/artfronthungary.hu\/en\/portfolio\/budapart-homes-a-panoramic-home-above-the-city\/\" title=\"Permalink to Budapart Homes &#8211; a panoramic home above the city\"><img loading=\"lazy\" decoding=\"async\" width=\"300\" height=\"169\" src=\"https:\/\/artfronthungary.hu\/wp-content\/uploads\/2025\/06\/artfront_budapart_2021-04-13_01-300x169.jpg\" class=\"attachment-medium\" alt=\"\" title=\"artfront_budapart_2021-04-13_01\" srcset=\"https:\/\/artfronthungary.hu\/wp-content\/uploads\/2025\/06\/artfront_budapart_2021-04-13_01-300x169.jpg 300w, https:\/\/artfronthungary.hu\/wp-content\/uploads\/2025\/06\/artfront_budapart_2021-04-13_01-1024x576.jpg 1024w, https:\/\/artfronthungary.hu\/wp-content\/uploads\/2025\/06\/artfront_budapart_2021-04-13_01-150x84.jpg 150w, https:\/\/artfronthungary.hu\/wp-content\/uploads\/2025\/06\/artfront_budapart_2021-04-13_01-768x432.jpg 768w, https:\/\/artfronthungary.hu\/wp-content\/uploads\/2025\/06\/artfront_budapart_2021-04-13_01-1536x864.jpg 1536w, https:\/\/artfronthungary.hu\/wp-content\/uploads\/2025\/06\/artfront_budapart_2021-04-13_01-500x281.jpg 500w, https:\/\/artfronthungary.hu\/wp-content\/uploads\/2025\/06\/artfront_budapart_2021-04-13_01-690x388.jpg 690w, https:\/\/artfronthungary.hu\/wp-content\/uploads\/2025\/06\/artfront_budapart_2021-04-13_01-1300x731.jpg 1300w, https:\/\/artfronthungary.hu\/wp-content\/uploads\/2025\/06\/artfront_budapart_2021-04-13_01-1660x934.jpg 1660w, https:\/\/artfronthungary.hu\/wp-content\/uploads\/2025\/06\/artfront_budapart_2021-04-13_01.jpg 1920w\" sizes=\"auto, (max-width: 300px) 100vw, 300px\" data-full-size=\"1920x1080\" \/><\/a><\/li><li><a class=\"link_image\" href=\"https:\/\/artfronthungary.hu\/en\/portfolio\/campus-setany-lakopark\/\" title=\"Permalink to Campus promenade &#8211; Residential park apartments and common areas\"><img loading=\"lazy\" decoding=\"async\" width=\"300\" height=\"300\" src=\"https:\/\/artfronthungary.hu\/wp-content\/uploads\/2025\/05\/Thumbnail-300x300.jpg\" class=\"attachment-medium\" alt=\"\" title=\"Thumbnail\" srcset=\"https:\/\/artfronthungary.hu\/wp-content\/uploads\/2025\/05\/Thumbnail-300x300.jpg 300w, https:\/\/artfronthungary.hu\/wp-content\/uploads\/2025\/05\/Thumbnail-150x150.jpg 150w, https:\/\/artfronthungary.hu\/wp-content\/uploads\/2025\/05\/Thumbnail-500x500.jpg 500w, https:\/\/artfronthungary.hu\/wp-content\/uploads\/2025\/05\/Thumbnail-690x690.jpg 690w, https:\/\/artfronthungary.hu\/wp-content\/uploads\/2025\/05\/Thumbnail.jpg 750w\" sizes=\"auto, (max-width: 300px) 100vw, 300px\" data-full-size=\"750x750\" \/><\/a><\/li><li><a class=\"link_image\" href=\"https:\/\/artfronthungary.hu\/en\/portfolio\/flowserve-iroda-a-liberty-ben\/\" title=\"Permalink to FLOWSERVE office in LIBERTY building, Budapest\"><img loading=\"lazy\" decoding=\"async\" width=\"300\" height=\"188\" src=\"https:\/\/artfronthungary.hu\/wp-content\/uploads\/2025\/01\/2024.10.Flowserve-103-300x188.jpg\" class=\"attachment-medium\" alt=\"\" title=\"2024.10.Flowserve-103\" srcset=\"https:\/\/artfronthungary.hu\/wp-content\/uploads\/2025\/01\/2024.10.Flowserve-103-300x188.jpg 300w, https:\/\/artfronthungary.hu\/wp-content\/uploads\/2025\/01\/2024.10.Flowserve-103-1024x640.jpg 1024w, https:\/\/artfronthungary.hu\/wp-content\/uploads\/2025\/01\/2024.10.Flowserve-103-150x94.jpg 150w, https:\/\/artfronthungary.hu\/wp-content\/uploads\/2025\/01\/2024.10.Flowserve-103-768x480.jpg 768w, https:\/\/artfronthungary.hu\/wp-content\/uploads\/2025\/01\/2024.10.Flowserve-103-1536x960.jpg 1536w, https:\/\/artfronthungary.hu\/wp-content\/uploads\/2025\/01\/2024.10.Flowserve-103-500x313.jpg 500w, https:\/\/artfronthungary.hu\/wp-content\/uploads\/2025\/01\/2024.10.Flowserve-103-690x431.jpg 690w, https:\/\/artfronthungary.hu\/wp-content\/uploads\/2025\/01\/2024.10.Flowserve-103-1300x813.jpg 1300w, https:\/\/artfronthungary.hu\/wp-content\/uploads\/2025\/01\/2024.10.Flowserve-103-1660x1038.jpg 1660w, https:\/\/artfronthungary.hu\/wp-content\/uploads\/2025\/01\/2024.10.Flowserve-103-1920x1200.jpg 1920w, https:\/\/artfronthungary.hu\/wp-content\/uploads\/2025\/01\/2024.10.Flowserve-103.jpg 2000w\" sizes=\"auto, (max-width: 300px) 100vw, 300px\" data-full-size=\"2000x1250\" \/><\/a><\/li><li><a class=\"link_image\" href=\"https:\/\/artfronthungary.hu\/en\/portfolio\/tuzvedelmi-cegcsoport-budapesti-irodaja\/\" title=\"Permalink to Budapest office of an international fire protection company group\"><img loading=\"lazy\" decoding=\"async\" width=\"300\" height=\"200\" src=\"https:\/\/artfronthungary.hu\/wp-content\/uploads\/2024\/06\/2024.05.MM-201-1-300x200.jpg\" class=\"attachment-medium\" alt=\"\" title=\"2024.05.MM-201\" srcset=\"https:\/\/artfronthungary.hu\/wp-content\/uploads\/2024\/06\/2024.05.MM-201-1-300x200.jpg 300w, https:\/\/artfronthungary.hu\/wp-content\/uploads\/2024\/06\/2024.05.MM-201-1-1024x683.jpg 1024w, https:\/\/artfronthungary.hu\/wp-content\/uploads\/2024\/06\/2024.05.MM-201-1-150x100.jpg 150w, https:\/\/artfronthungary.hu\/wp-content\/uploads\/2024\/06\/2024.05.MM-201-1-768x512.jpg 768w, https:\/\/artfronthungary.hu\/wp-content\/uploads\/2024\/06\/2024.05.MM-201-1-500x333.jpg 500w, https:\/\/artfronthungary.hu\/wp-content\/uploads\/2024\/06\/2024.05.MM-201-1-690x460.jpg 690w, https:\/\/artfronthungary.hu\/wp-content\/uploads\/2024\/06\/2024.05.MM-201-1-1300x867.jpg 1300w, https:\/\/artfronthungary.hu\/wp-content\/uploads\/2024\/06\/2024.05.MM-201-1.jpg 1500w\" sizes=\"auto, (max-width: 300px) 100vw, 300px\" data-full-size=\"1500x1000\" \/><\/a><\/li><li><a class=\"link_image\" href=\"https:\/\/artfronthungary.hu\/en\/portfolio\/koki\/\" title=\"Permalink to K\u00d6KI foodcourt\"><img loading=\"lazy\" decoding=\"async\" width=\"300\" height=\"169\" src=\"https:\/\/artfronthungary.hu\/wp-content\/uploads\/2023\/01\/koki_FC_business_01_0000-small-300x169.jpg\" class=\"attachment-medium\" alt=\"\" title=\"KOKI-designbooklet-business_2\" srcset=\"https:\/\/artfronthungary.hu\/wp-content\/uploads\/2023\/01\/koki_FC_business_01_0000-small-300x169.jpg 300w, https:\/\/artfronthungary.hu\/wp-content\/uploads\/2023\/01\/koki_FC_business_01_0000-small-1024x576.jpg 1024w, https:\/\/artfronthungary.hu\/wp-content\/uploads\/2023\/01\/koki_FC_business_01_0000-small-768x432.jpg 768w, https:\/\/artfronthungary.hu\/wp-content\/uploads\/2023\/01\/koki_FC_business_01_0000-small.jpg 1200w\" sizes=\"auto, (max-width: 300px) 100vw, 300px\" data-full-size=\"1200x675\" \/><\/a><\/li><\/ul><\/div>\n\t\t<\/div>\n\t<\/div>\n<\/div><\/div><\/div><\/div><div class=\"vc_row-full-width vc_clearfix\"><\/div><div class=\"vc_row wpb_row vc_row-fluid\"><div class=\"wpb_column vc_column_container vc_col-sm-12\"><div class=\"vc_column-inner\"><div class=\"wpb_wrapper\"><div class=\"vc_row wpb_row vc_inner vc_row-fluid vc_row-o-content-middle vc_row-flex\"><div class=\"wpb_column vc_column_container vc_col-sm-3\"><div class=\"vc_column-inner\"><div class=\"wpb_wrapper\">\n\t<div  class=\"wpb_single_image wpb_content_element vc_align_left wpb_content_element wpb_animate_when_almost_visible wpb_fadeIn fadeIn  AFH-logo\">\n\t\t\n\t\t<figure class=\"wpb_wrapper vc_figure\">\n\t\t\t<div class=\"vc_single_image-wrapper   vc_box_border_grey\"><img decoding=\"async\" class=\"vc_single_image-img\" src=\"https:\/\/artfronthungary.hu\/wp-content\/uploads\/2024\/01\/AFT-Logo-76x25.png\" width=\"76\" height=\"25\" alt=\"AFT logo bw\" title=\"AFT logo bw\" loading=\"lazy\" \/><\/div>\n\t\t<\/figure>\n\t<\/div>\n<\/div><\/div><\/div><div class=\"wpb_column vc_column_container vc_col-sm-9\"><div class=\"vc_column-inner\"><div class=\"wpb_wrapper\">\n\t<div class=\"wpb_text_column wpb_content_element wpb_animate_when_almost_visible wpb_right-to-left right-to-left AFH-label\" >\n\t\t<div class=\"wpb_wrapper\">\n\t\t\t<p style=\"text-align: right;\"><strong>BLOG<\/strong><\/p>\n\n\t\t<\/div>\n\t<\/div>\n<\/div><\/div><\/div><\/div><div class=\"vc_row wpb_row vc_inner vc_row-fluid AFH-fb\"><div class=\"wpb_column vc_column_container vc_col-sm-12\"><div class=\"vc_column-inner\"><div class=\"wpb_wrapper\">\n\t<div class=\"wpb_text_column wpb_content_element wpb_animate_when_almost_visible wpb_fadeIn fadeIn AFH-row-topmargin\" >\n\t\t<div class=\"wpb_wrapper\">\n\t\t\t<p style=\"text-align: center;\"><div class=\"cff-wrapper\">\t<div id=\"cff-visual-header-138468246164354\" class=\"cff-visual-header cff-has-name cff-has-about\">\n\t\t\t\t\t\t<div class=\"cff-header-inner-wrap\">\n\t\t\t\t\t\t<div class=\"cff-header-text\" >\n\n\t\t\t\t            <a href=\"https:\/\/facebook.com\/138468246164354\" target=\"_blank\" rel=\"nofollow noopener\" title=\"\" class=\"cff-header-name\"><h3 style=\"font-size:inheritpx;\"><\/h3><\/a>\n\t\t\t\t        \t\t\t\t\t\t<\/div>\n\t\t<\/div>\n\t<\/div>\n<div class=\"cff-wrapper-ctn\" ><div id=\"cff\"  class=\"cff cff-list-container cff-masonry masonry-2-tablet cff-masonry-js cff-default-styles  cff-mob-cols-1\"   style=\"width:100%;\"   data-char=\"400\"  data-cff-flags=\"gdpr\" ><div class=\"cff-error-msg\">\n\t<div>\n\t\t<i class=\"fa fa-lock\" aria-hidden=\"true\" style=\"margin-right: 5px;\"><\/i><b>This message is only visible to admins.<\/b><br\/>\n\t\tProblem displaying Facebook posts. Backup cache in use.\t\t\t\t\t<br\/><a href=\"javascript:void(0);\" id=\"cff-show-error\" onclick=\"cffShowError()\">Click to show error<\/a>\n\t\t\t<script type=\"text\/javascript\">function cffShowError() { document.getElementById(\"cff-error-reason\").style.display = \"block\"; document.getElementById(\"cff-show-error\").style.display = \"none\"; }<\/script>\n\t\t\t<\/div>\n\t\t\t<div id=\"cff-error-reason\">\n\t\t\t\t\t\t\t\t\t<b>Error:<\/b> (#200) Provide valid app ID\t\t\t\t\t\t\t\t\t\t\t\t\t<b>Type:<\/b> OAuthException\t\t\t\t\t\t\t\t\t\t\t\t\t\t\t\t\t\t\t\t\t\t\t\t\t\t\t\t\n\t\t\t<\/div>\n\t\t\t\t\n<\/div>\n<div class=\"cff-posts-wrap\">\n<div class=\"cff-likebox cff-bottom\" >\n\t\t<iframe title=\"Likebox iframe\" src=\"\" class=\"fb_iframe_widget\" data-likebox-id=\"138468246164354\" data-likebox-width=\"300\" data-likebox-header=\"\" data-hide-cover=\"\" data-hide-cta=\"\" data-likebox-faces=\"\" data-height=\"130\" data-locale=\"en_US\" scrolling=\"no\" allowtransparency=\"true\" allow=\"encrypted-media\" ><\/iframe>\n<\/div>\n<\/div><input class=\"cff-pag-url\" type=\"hidden\" data-locatornonce=\"9d187a9ee5\" data-cff-shortcode=\"{&quot;feed&quot;: &quot;2&quot;}\" data-post-id=\"4047\" data-feed-id=\"138468246164354\"><\/div><\/div><div class=\"cff-clear\"><\/div><\/div>\n\n\t\t<\/div>\n\t<\/div>\n<\/div><\/div><\/div><\/div><div id=\"szerzoi_jogok\" class=\"vc_row wpb_row vc_inner vc_row-fluid vc_row-o-content-middle vc_row-flex\"><div class=\"wpb_column vc_column_container vc_col-sm-6\"><div class=\"vc_column-inner\"><div class=\"wpb_wrapper\">\n\t<div  class=\"wpb_single_image wpb_content_element vc_align_left wpb_content_element wpb_animate_when_almost_visible wpb_left-to-right left-to-right  AFH-logo\">\n\t\t\n\t\t<figure class=\"wpb_wrapper vc_figure\">\n\t\t\t<div class=\"vc_single_image-wrapper   vc_box_border_grey\"><img decoding=\"async\" class=\"vc_single_image-img\" src=\"https:\/\/artfronthungary.hu\/wp-content\/uploads\/2024\/01\/AFT-Logo-76x25.png\" width=\"76\" height=\"25\" alt=\"AFT logo bw\" title=\"AFT logo bw\" loading=\"lazy\" \/><\/div>\n\t\t<\/figure>\n\t<\/div>\n<\/div><\/div><\/div><div class=\"wpb_column vc_column_container vc_col-sm-6\"><div class=\"vc_column-inner\"><div class=\"wpb_wrapper\">\n\t<div class=\"wpb_text_column wpb_content_element wpb_animate_when_almost_visible wpb_right-to-left right-to-left AFH-label\" >\n\t\t<div class=\"wpb_wrapper\">\n\t\t\t<p style=\"text-align: right;\"><strong>AUTHOR'S RIGHTS<\/strong><\/p>\n\n\t\t<\/div>\n\t<\/div>\n<\/div><\/div><\/div><\/div><\/div><\/div><\/div><\/div><div class=\"vc_row wpb_row vc_row-fluid\"><div class=\"AFH-text wpb_column vc_column_container vc_col-sm-12\"><div class=\"vc_column-inner\"><div class=\"wpb_wrapper\">\n\t<div class=\"wpb_text_column wpb_content_element wpb_animate_when_almost_visible wpb_left-to-right left-to-right\" >\n\t\t<div class=\"wpb_wrapper\">\n\t\t\t<p style=\"text-align: left;\"><strong>Dear visitor!<\/strong><\/p>\n<p><strong>Please read the following carefully! <\/strong><\/p>\n<p style=\"text-align: left;\"><strong>General legal conditions and information:<\/strong><\/p>\n<p style=\"text-align: left;\">By accessing the Internet service available at www.artfronthungary.hu or any of its pages, you agree to the terms and conditions listed here. If you do not agree to the following, please do not access our websites.<\/p>\n\n\t\t<\/div>\n\t<\/div>\n\n\t<div class=\"wpb_text_column wpb_content_element wpb_animate_when_almost_visible wpb_left-to-right left-to-right\" >\n\t\t<div class=\"wpb_wrapper\">\n\t\t\t<p style=\"text-align: left;\"><strong>Copyright<\/strong><\/p>\n<p style=\"text-align: left;\">The websites of Art Front Hungary Kft., all visual, audio and text content and their layout are protected by copyright. Any use of the content in any form beyond personal use is only possible with the express written permission of Art Front Hungary Kft.<\/p>\n<p style=\"text-align: left;\">Please note that any use of the Art Front Hungary Kft. website in violation of the terms and conditions detailed above may result in copyright, civil and criminal penalties. Art Front Hungary Kft. will take action against any infringement of which it becomes aware.<\/p>\n\n\t\t<\/div>\n\t<\/div>\n<\/div><\/div><\/div><\/div>\n<\/div>","protected":false},"excerpt":{"rendered":"<p>TERVEZ\u00c9S \u2502<\/p>\n<div dir=\"auto\">bels\u0151\u00e9p\u00edt\u00e9szeti tervez\u00e9s \u2502 Art front Hungary Kft.<\/div>\n<div dir=\"auto\">bels\u0151\u00e9p\u00edt\u00e9sz vezet\u0151 tervez\u0151 \u2502 G\u00f6b\u00f6ly\u00f6s Krist\u00f3f<\/div>\n<div dir=\"auto\">bels\u0151\u00e9p\u00edt\u00e9sz tervez\u0151 team\u2502Csog Zselyke, Veres Guszt\u00e1v Bendeg\u00faz<\/div>\n<div dir=\"auto\">l\u00e1tv\u00e1nytervez\u0151 \u2502 Kerezsi L\u00e1szl\u00f3 | visiongraphics.hu<\/div>\n<div dir=\"auto\">Foto | still not<\/div>&hellip;","protected":false},"author":1,"featured_media":0,"parent":0,"menu_order":0,"comment_status":"closed","ping_status":"closed","template":"","meta":{"_monsterinsights_skip_tracking":false,"_monsterinsights_sitenote_active":false,"_monsterinsights_sitenote_note":"","_monsterinsights_sitenote_category":0,"footnotes":""},"class_list":["post-28","page","type-page","status-publish","hentry"],"aioseo_notices":[],"_links":{"self":[{"href":"https:\/\/artfronthungary.hu\/en\/wp-json\/wp\/v2\/pages\/28","targetHints":{"allow":["GET"]}}],"collection":[{"href":"https:\/\/artfronthungary.hu\/en\/wp-json\/wp\/v2\/pages"}],"about":[{"href":"https:\/\/artfronthungary.hu\/en\/wp-json\/wp\/v2\/types\/page"}],"author":[{"embeddable":true,"href":"https:\/\/artfronthungary.hu\/en\/wp-json\/wp\/v2\/users\/1"}],"replies":[{"embeddable":true,"href":"https:\/\/artfronthungary.hu\/en\/wp-json\/wp\/v2\/comments?post=28"}],"version-history":[{"count":0,"href":"https:\/\/artfronthungary.hu\/en\/wp-json\/wp\/v2\/pages\/28\/revisions"}],"wp:attachment":[{"href":"https:\/\/artfronthungary.hu\/en\/wp-json\/wp\/v2\/media?parent=28"}],"curies":[{"name":"wp","href":"https:\/\/api.w.org\/{rel}","templated":true}]}}