{"id":4295,"date":"2015-07-15T12:47:48","date_gmt":"2015-07-15T12:47:48","guid":{"rendered":"http:\/\/temp\/?page_id=374"},"modified":"2026-02-04T21:22:54","modified_gmt":"2026-02-04T21:22:54","slug":"kapcsolat","status":"publish","type":"page","link":"https:\/\/artfronthungary.hu\/en\/kapcsolat\/","title":{"rendered":"Contact I Contact"},"content":{"rendered":"<div class=\"wpb-content-wrapper\"><div class=\"vc_row wpb_row vc_row-fluid\"><div class=\"wpb_column vc_column_container vc_col-sm-3\"><div class=\"vc_column-inner\"><div class=\"wpb_wrapper\">\n\t<div  class=\"wpb_single_image wpb_content_element vc_align_left wpb_content_element\">\n\t\t\n\t\t<figure class=\"wpb_wrapper vc_figure\">\n\t\t\t<div class=\"vc_single_image-wrapper   vc_box_border_grey\"><img decoding=\"async\" class=\"vc_single_image-img \" src=\"https:\/\/artfronthungary.hu\/wp-content\/uploads\/2024\/01\/AFT-Logo-76x25.png\" width=\"76\" height=\"25\" alt=\"AFT logo bw\" title=\"AFT logo bw\" loading=\"lazy\" \/><\/div>\n\t\t<\/figure>\n\t<\/div>\n<\/div><\/div><\/div><div class=\"wpb_column vc_column_container vc_col-sm-9\"><div class=\"vc_column-inner\"><div class=\"wpb_wrapper\">\n\t<div class=\"wpb_text_column wpb_content_element wpb_animate_when_almost_visible wpb_fadeIn fadeIn\" >\n\t\t<div class=\"wpb_wrapper\">\n\t\t\t<h3 style=\"text-align: right;\"><strong>KAPCSOLAT<\/strong><\/h3>\n\n\t\t<\/div>\n\t<\/div>\n<\/div><\/div><\/div><\/div><div class=\"vc_row wpb_row vc_row-fluid\"><div class=\"wpb_column vc_column_container vc_col-sm-12\"><div class=\"vc_column-inner\"><div class=\"wpb_wrapper\">\n\t<div class=\"wpb_text_column wpb_content_element wpb_animate_when_almost_visible wpb_appear appear\" >\n\t\t<div class=\"wpb_wrapper\">\n\t\t\t<h2>Vedd fel vel\u00fcnk a kapcsolatot!<\/h2>\n\n\t\t<\/div>\n\t<\/div>\n<\/div><\/div><\/div><\/div><div class=\"vc_row wpb_row vc_row-fluid wpb_animate_when_almost_visible wpb_appear appear\"><div class=\"wpb_column vc_column_container vc_col-sm-12\"><div class=\"vc_column-inner\"><div class=\"wpb_wrapper\"><style id=\"wpforms-css-vars-5470\">\n\t\t\t\t#wpforms-5470 {\n\t\t\t\t--wpforms-container-padding: 0px;\n--wpforms-container-border-width: 1px;\n--wpforms-container-border-radius: 3px;\n--wpforms-background-color: rgba(0, 0, 0, 0);\n--wpforms-field-size-input-height: 43px;\n--wpforms-field-size-input-spacing: 15px;\n--wpforms-field-size-font-size: 16px;\n--wpforms-field-size-line-height: 19px;\n--wpforms-field-size-padding-h: 14px;\n--wpforms-field-size-checkbox-size: 16px;\n--wpforms-field-size-sublabel-spacing: 5px;\n--wpforms-field-size-icon-size: 1;\n--wpforms-label-size-font-size: 16px;\n--wpforms-label-size-line-height: 19px;\n--wpforms-label-size-sublabel-font-size: 14px;\n--wpforms-label-size-sublabel-line-height: 17px;\n--wpforms-button-size-font-size: 17px;\n--wpforms-button-size-height: 41px;\n--wpforms-button-size-padding-h: 15px;\n--wpforms-button-size-margin-top: 10px;\n--wpforms-container-shadow-size-box-shadow: none;\n\t\t\t}\n\t\t\t<\/style><div class=\"wpforms-container wpforms-container-full wpforms-render-modern\" id=\"wpforms-5470\"><form id=\"wpforms-form-5470\" class=\"wpforms-validate wpforms-form wpforms-ajax-form\" data-formid=\"5470\" method=\"post\" enctype=\"multipart\/form-data\" action=\"\/en\/wp-json\/wp\/v2\/pages\/4295\" data-token=\"c3c34b14278cc9e76235ff6e3a6d49ea\" data-token-time=\"1778772509\"><noscript class=\"wpforms-error-noscript\">Please enable JavaScript in your browser to complete this form.<\/noscript><div id=\"wpforms-error-noscript\" style=\"display: none;\">Please enable JavaScript in your browser to complete this form.<\/div><div class=\"wpforms-field-container\"><div id=\"wpforms-5470-field_1-container\" class=\"wpforms-field wpforms-field-name\" data-field-id=\"1\"><fieldset><legend class=\"wpforms-field-label\">N\u00e9v <span class=\"wpforms-required-label\" aria-hidden=\"true\">*<\/span><\/legend><div class=\"wpforms-field-row wpforms-field-medium\"><div class=\"wpforms-field-row-block wpforms-first wpforms-one-half\"><input type=\"text\" id=\"wpforms-5470-field_1\" class=\"wpforms-field-name-first wpforms-field-required\" name=\"wpforms[fields][1][first]\" aria-errormessage=\"wpforms-5470-field_1-error\" required><label for=\"wpforms-5470-field_1\" class=\"wpforms-field-sublabel after\">First<\/label><\/div><div class=\"wpforms-field-row-block wpforms-one-half\"><input type=\"text\" id=\"wpforms-5470-field_1-last\" class=\"wpforms-field-name-last wpforms-field-required\" name=\"wpforms[fields][1][last]\" aria-errormessage=\"wpforms-5470-field_1-last-error\" required><label for=\"wpforms-5470-field_1-last\" class=\"wpforms-field-sublabel after\">Last<\/label><\/div><\/div><\/fieldset><\/div>\t\t<div id=\"wpforms-5470-field_4-container\"\n\t\t\tclass=\"wpforms-field wpforms-field-text\"\n\t\t\tdata-field-type=\"text\"\n\t\t\tdata-field-id=\"4\"\n\t\t\t>\n\t\t\t<label class=\"wpforms-field-label\" for=\"wpforms-5470-field_4\" >Telefon Email N\u00e9v<\/label>\n\t\t\t<input type=\"text\" id=\"wpforms-5470-field_4\" class=\"wpforms-field-medium\" name=\"wpforms[fields][4]\" >\n\t\t<\/div>\n\t\t<div id=\"wpforms-5470-field_2-container\" class=\"wpforms-field wpforms-field-email\" data-field-id=\"2\"><label class=\"wpforms-field-label\" for=\"wpforms-5470-field_2\">Email <span class=\"wpforms-required-label\" aria-hidden=\"true\">*<\/span><\/label><input type=\"email\" id=\"wpforms-5470-field_2\" class=\"wpforms-field-medium wpforms-field-required\" name=\"wpforms[fields][2]\" spellcheck=\"false\" aria-errormessage=\"wpforms-5470-field_2-error\" required><\/div><div id=\"wpforms-5470-field_5-container\" class=\"wpforms-field wpforms-field-text\" data-field-id=\"5\"><label class=\"wpforms-field-label\" for=\"wpforms-5470-field_5\">Telefon <span class=\"wpforms-required-label\" aria-hidden=\"true\">*<\/span><\/label><input type=\"text\" id=\"wpforms-5470-field_5\" class=\"wpforms-field-medium wpforms-field-required\" name=\"wpforms[fields][5]\" aria-errormessage=\"wpforms-5470-field_5-error\" required><\/div><div id=\"wpforms-5470-field_3-container\" class=\"wpforms-field wpforms-field-textarea\" data-field-id=\"3\"><label class=\"wpforms-field-label\" for=\"wpforms-5470-field_3\">\u00dczenet <span class=\"wpforms-required-label\" aria-hidden=\"true\">*<\/span><\/label><textarea id=\"wpforms-5470-field_3\" class=\"wpforms-field-medium wpforms-field-required\" name=\"wpforms[fields][3]\" aria-errormessage=\"wpforms-5470-field_3-error\" required><\/textarea><\/div><script>\n\t\t\t\t( function() {\n\t\t\t\t\tconst style = document.createElement( 'style' );\n\t\t\t\t\tstyle.appendChild( document.createTextNode( '#wpforms-5470-field_4-container { position: absolute !important; overflow: hidden !important; display: inline !important; height: 1px !important; width: 1px !important; z-index: -1000 !important; padding: 0 !important; } #wpforms-5470-field_4-container input { visibility: hidden; } #wpforms-conversational-form-page #wpforms-5470-field_4-container label { counter-increment: none; }' ) );\n\t\t\t\t\tdocument.head.appendChild( style );\n\t\t\t\t\tdocument.currentScript?.remove();\n\t\t\t\t} )();\n\t\t\t<\/script><\/div><!-- .wpforms-field-container --><div class=\"wpforms-submit-container\" ><input type=\"hidden\" name=\"wpforms[id]\" value=\"5470\"><input type=\"hidden\" name=\"page_title\" value=\"\"><input type=\"hidden\" name=\"page_url\" value=\"https:\/\/artfronthungary.hu\/en\/wp-json\/wp\/v2\/pages\/4295\"><input type=\"hidden\" name=\"url_referer\" value=\"\"><button type=\"submit\" name=\"wpforms[submit]\" id=\"wpforms-submit-5470\" class=\"wpforms-submit\" data-alt-text=\"Sending...\" data-submit-text=\"Submit\" aria-live=\"assertive\" value=\"wpforms-submit\">Submit<\/button><img loading=\"lazy\" decoding=\"async\" src=\"https:\/\/artfronthungary.hu\/wp-content\/plugins\/wpforms-lite\/assets\/images\/submit-spin.svg\" class=\"wpforms-submit-spinner\" style=\"display: none;\" width=\"26\" height=\"26\" alt=\"Loading\"><\/div><\/form><\/div>  <!-- .wpforms-container --><\/div><\/div><\/div><\/div><div class=\"vc_row wpb_row vc_row-fluid vc_custom_1436964772411\"><div class=\"wpb_column vc_column_container vc_col-sm-6\"><div class=\"vc_column-inner\"><div class=\"wpb_wrapper\">\n\t<div class=\"wpb_text_column wpb_content_element wpb_animate_when_almost_visible wpb_appear appear\" >\n\t\t<div class=\"wpb_wrapper\">\n\t\t\t<h5 style=\"text-align: left;\"><span class=\"big-text\">email c\u00edm: k.gobolyos@artfronthungary.hu<br \/>\n<\/span><\/h5>\n<h5 style=\"text-align: left;\"><span class=\"big-text\">iroda c\u00edme: Kis R\u00f3kus utca 39\/A, Budapest 1024 Hungary<br \/>\n<\/span><\/h5>\n<h5 style=\"text-align: left;\"><span class=\"big-text\">ad\u00f3sz\u00e1m.: 14872970-2-43<\/span><\/h5>\n<h5 style=\"text-align: left;\"><span class=\"big-text\">c\u00e9gjegyz\u00e9ksz\u00e1m.: 01 09 923961<\/span><\/h5>\n\n\t\t<\/div>\n\t<\/div>\n<\/div><\/div><\/div><div class=\"wpb_column vc_column_container vc_col-sm-6\"><div class=\"vc_column-inner\"><div class=\"wpb_wrapper\">\n\t<div  class=\"wpb_single_image wpb_content_element vc_align_right wpb_content_element wpb_animate_when_almost_visible wpb_appear appear\">\n\t\t\n\t\t<figure class=\"wpb_wrapper vc_figure\">\n\t\t\t<div class=\"vc_single_image-wrapper vc_box_rounded  vc_box_border_grey\"><img loading=\"lazy\" decoding=\"async\" width=\"300\" height=\"90\" src=\"https:\/\/artfronthungary.hu\/wp-content\/uploads\/2015\/03\/afhlogo2-e1435097687712-300x90.png\" class=\"vc_single_image-img attachment-medium\" alt=\"\" title=\"afhlogo2\" srcset=\"https:\/\/artfronthungary.hu\/wp-content\/uploads\/2015\/03\/afhlogo2-e1435097687712-300x90.png 300w, https:\/\/artfronthungary.hu\/wp-content\/uploads\/2015\/03\/afhlogo2-e1435097687712.png 920w\" sizes=\"auto, (max-width: 300px) 100vw, 300px\" data-full-size=\"920x277\" \/><\/div>\n\t\t<\/figure>\n\t<\/div>\n<\/div><\/div><\/div><\/div><div class=\"vc_row wpb_row vc_row-fluid\"><div class=\"wpb_column vc_column_container vc_col-sm-6\"><div class=\"vc_column-inner\"><div class=\"wpb_wrapper\"><div class=\"wpb_gmaps_widget wpb_content_element wpb_animate_when_almost_visible wpb_appear appear\"><div class=\"wpb_wrapper\"><div class=\"wpb_map_wraper\"><iframe loading=\"lazy\" src=\"https:\/\/www.google.com\/maps\/embed?pb=!1m18!1m12!1m3!1d2694.8425731965135!2d19.024662!3d47.51245700000002!2m3!1f0!2f0!3f0!3m2!1i1024!2i768!4f13.1!3m3!1m2!1s0x4741dc5af55c8b03%3A0x6d04ddc2ec79c3ad!2zQXJ0IEZyb250IEh1bmdhcnkgS2Z0LiDDiXDDrXTDqXN6LCBCZWxzxZHDqXDDrXTDqXN6IE3FsXRlcmVt!5e0!3m2!1shu!2shu!4v1426262078123\" width=\"600\" height=\"250\" frameborder=\"0\" style=\"border:0\"><\/iframe><\/div><\/div><\/div><\/div><\/div><\/div><div class=\"wpb_column vc_column_container vc_col-sm-6\"><div class=\"vc_column-inner\"><div class=\"wpb_wrapper\">\n\t<div class=\"wpb_text_column wpb_content_element wpb_animate_when_almost_visible wpb_appear appear\" >\n\t\t<div class=\"wpb_wrapper\">\n\t\t\t<h5 style=\"text-align: right;\"><a href=\"https:\/\/officesnapshots.com\/offices\/?fwp_designer=artfront-hungary\" target=\"_blank\" rel=\"noopener\">Officesnapshots<\/a><\/h5>\n<h5 style=\"text-align: right;\"><a href=\"https:\/\/www.behance.net\/user\/?username=kgobolyos\" target=\"_blank\" rel=\"noopener\">Behance<\/a><\/h5>\n<h5 style=\"text-align: right;\"><a href=\"http:\/\/www.archello.com\/en\/company\/artfront-hungary-ltd-architect-interior-design-atelier\" target=\"_blank\" rel=\"noopener\">Archello<\/a><\/h5>\n<h5 style=\"text-align: right;\"><a href=\"https:\/\/architizer.com\/firms\/artfront-hungary-ltd-architect-interior-designer-atelier\/\" target=\"_blank\" rel=\"noopener\">Architizer<\/a><\/h5>\n<h5 style=\"text-align: right;\"><a href=\"https:\/\/www.houzz.com\/pro\/webuser-2828067\/art-front-hungary-ltd\" target=\"_blank\" rel=\"noopener\">Houzz<\/a><\/h5>\n<h5 style=\"text-align: right;\"><a href=\"http:\/\/epiteszforum.hu\/gobolyos-kristof\" target=\"_blank\" rel=\"noopener\">epiteszforum.hu<\/a><\/h5>\n<h5 style=\"text-align: right;\"><a href=\"https:\/\/design.hu\/kepes-adatbazis?field_category_tid=445&amp;field_creator_tid=3027&amp;category=444&amp;category_1=445&amp;count=30\" target=\"_blank\" rel=\"noopener\">design.hu<\/a><\/h5>\n\n\t\t<\/div>\n\t<\/div>\n<\/div><\/div><\/div><\/div>\n<\/div>","protected":false},"excerpt":{"rendered":"KAPCSOLAT Vedd fel vel\u00fcnk a kapcsolatot! Please enable JavaScript in your browser to complete this form.Please enable JavaScript in your browser to complete this form.N\u00e9v *FirstLastEmail *Telefon * N\u00e9v Telefon \u00dczenet \u00dczenet *Submit email c\u00edm: k.gobolyos@artfronthungary.hu iroda c\u00edme: Kis R\u00f3kus utca 39\/A, Budapest 1024 Hungary ad\u00f3sz\u00e1m.: 14872970-2-43 c\u00e9gjegyz\u00e9ksz\u00e1m.: 01 09 923961 Officesnapshots Behance Archello Architizer [...]","protected":false},"author":2,"featured_media":0,"parent":0,"menu_order":0,"comment_status":"closed","ping_status":"closed","template":"","meta":{"_monsterinsights_skip_tracking":false,"_monsterinsights_sitenote_active":false,"_monsterinsights_sitenote_note":"","_monsterinsights_sitenote_category":0,"footnotes":""},"class_list":["post-4295","page","type-page","status-publish","hentry"],"aioseo_notices":[],"_links":{"self":[{"href":"https:\/\/artfronthungary.hu\/en\/wp-json\/wp\/v2\/pages\/4295","targetHints":{"allow":["GET"]}}],"collection":[{"href":"https:\/\/artfronthungary.hu\/en\/wp-json\/wp\/v2\/pages"}],"about":[{"href":"https:\/\/artfronthungary.hu\/en\/wp-json\/wp\/v2\/types\/page"}],"author":[{"embeddable":true,"href":"https:\/\/artfronthungary.hu\/en\/wp-json\/wp\/v2\/users\/2"}],"replies":[{"embeddable":true,"href":"https:\/\/artfronthungary.hu\/en\/wp-json\/wp\/v2\/comments?post=4295"}],"version-history":[{"count":0,"href":"https:\/\/artfronthungary.hu\/en\/wp-json\/wp\/v2\/pages\/4295\/revisions"}],"wp:attachment":[{"href":"https:\/\/artfronthungary.hu\/en\/wp-json\/wp\/v2\/media?parent=4295"}],"curies":[{"name":"wp","href":"https:\/\/api.w.org\/{rel}","templated":true}]}}