{"id":4699,"date":"2024-01-11T16:14:49","date_gmt":"2024-01-11T16:14:49","guid":{"rendered":"https:\/\/artfronthungary.hu\/?page_id=4699"},"modified":"2024-01-24T10:30:13","modified_gmt":"2024-01-24T10:30:13","slug":"rolunk","status":"publish","type":"page","link":"https:\/\/artfronthungary.hu\/en\/rolunk\/","title":{"rendered":"R\u00f3lunk"},"content":{"rendered":"<div class=\"wpb-content-wrapper\"><div class=\"vc_row wpb_row vc_row-fluid\"><div class=\"wpb_column vc_column_container vc_col-sm-6\"><div class=\"vc_column-inner\"><div class=\"wpb_wrapper\">\n\t<div  class=\"wpb_single_image wpb_content_element vc_align_left wpb_content_element wpb_animate_when_almost_visible wpb_left-to-right left-to-right  AFH-logo\">\n\t\t\n\t\t<figure class=\"wpb_wrapper vc_figure\">\n\t\t\t<div class=\"vc_single_image-wrapper   vc_box_border_grey\"><img decoding=\"async\" class=\"vc_single_image-img\" src=\"https:\/\/artfronthungary.hu\/wp-content\/uploads\/2024\/01\/AFT-Logo-72x25.png\" width=\"72\" height=\"25\" alt=\"AFT logo bw\" title=\"AFT logo bw\" loading=\"lazy\" \/><\/div>\n\t\t<\/figure>\n\t<\/div>\n<\/div><\/div><\/div><div class=\"wpb_column vc_column_container vc_col-sm-6\"><div class=\"vc_column-inner\"><div class=\"wpb_wrapper\">\n\t<div class=\"wpb_text_column wpb_content_element wpb_animate_when_almost_visible wpb_right-to-left right-to-left AFH-label\" >\n\t\t<div class=\"wpb_wrapper\">\n\t\t\t<p style=\"text-align: right;\"><strong>ABOUT US<\/strong><\/p>\n\n\t\t<\/div>\n\t<\/div>\n<\/div><\/div><\/div><\/div><div class=\"vc_row wpb_row vc_row-fluid\"><div class=\"AFH-text wpb_column vc_column_container vc_col-sm-12\"><div class=\"vc_column-inner\"><div class=\"wpb_wrapper\">\n\t<div class=\"wpb_text_column wpb_content_element wpb_animate_when_almost_visible wpb_left-to-right left-to-right AFH-text\" >\n\t\t<div class=\"wpb_wrapper\">\n\t\t\t<p>Art Front Hungary Ltd. was founded in 2009 by architect and interior designer Krist\u00f3f G\u00f6b\u00f6ly\u00f6s as a successor of Art Front Kft., founded in 1997. In the past 15 years, our assignments have included a wide range of design genres, from office buildings to numerous examples of hotel, hospitality and residential buildings to public buildings. In addition to the design of new buildings, the firm's portfolio also includes a number of heritage restoration projects. Our philosophy is that the complex process of design can only be successfully accomplished through a well-functioning teamwork. For a given task, we look for answers to design and engineering challenges with a small creative team of company members. Our track record is marked by a number of successful architectural and interior design projects.<\/p>\n\n\t\t<\/div>\n\t<\/div>\n<\/div><\/div><\/div><\/div>\n<\/div>","protected":false},"excerpt":{"rendered":"R\u00d3LUNK Az Art Front Hungary kft. \u00e9p\u00edt\u00e9sz, bels\u0151\u00e9p\u00edt\u00e9sz m\u0171termet G\u00f6b\u00f6ly\u00f6s Krist\u00f3f alap\u00edtotta az 1997-es alap\u00edt\u00e1s\u00fa Art Front Kft. egyik ut\u00f3dc\u00e9gek\u00e9nt 2009-ben. Feladataink k\u00f6z\u00f6tt az elm\u00falt t\u00f6bb mint 15 \u00e9vben - a tervez\u0151i m\u0171fajok sz\u00e9les sk\u00e1l\u00e1ja jelent meg: az irodah\u00e1zakt\u00f3l a hotel- vend\u00e9gl\u00e1t\u00f3- \u00e9s lak\u00f3\u00e9p\u00fcletek sz\u00e1mos p\u00e9ld\u00e1j\u00e1n \u00e1t a k\u00f6z\u00e9p\u00fcletekig. Az \u00faj \u00e9p\u00fcletek tervez\u00e9s\u00e9n t\u00fal az [...]","protected":false},"author":2,"featured_media":0,"parent":0,"menu_order":0,"comment_status":"closed","ping_status":"closed","template":"","meta":{"_monsterinsights_skip_tracking":false,"_monsterinsights_sitenote_active":false,"_monsterinsights_sitenote_note":"","_monsterinsights_sitenote_category":0,"footnotes":""},"class_list":["post-4699","page","type-page","status-publish","hentry"],"aioseo_notices":[],"_links":{"self":[{"href":"https:\/\/artfronthungary.hu\/en\/wp-json\/wp\/v2\/pages\/4699","targetHints":{"allow":["GET"]}}],"collection":[{"href":"https:\/\/artfronthungary.hu\/en\/wp-json\/wp\/v2\/pages"}],"about":[{"href":"https:\/\/artfronthungary.hu\/en\/wp-json\/wp\/v2\/types\/page"}],"author":[{"embeddable":true,"href":"https:\/\/artfronthungary.hu\/en\/wp-json\/wp\/v2\/users\/2"}],"replies":[{"embeddable":true,"href":"https:\/\/artfronthungary.hu\/en\/wp-json\/wp\/v2\/comments?post=4699"}],"version-history":[{"count":0,"href":"https:\/\/artfronthungary.hu\/en\/wp-json\/wp\/v2\/pages\/4699\/revisions"}],"wp:attachment":[{"href":"https:\/\/artfronthungary.hu\/en\/wp-json\/wp\/v2\/media?parent=4699"}],"curies":[{"name":"wp","href":"https:\/\/api.w.org\/{rel}","templated":true}]}}