{"id":5985,"date":"2026-03-02T14:41:47","date_gmt":"2026-03-02T13:41:47","guid":{"rendered":"https:\/\/artfronthungary.hu\/?page_id=5985"},"modified":"2026-03-02T14:41:49","modified_gmt":"2026-03-02T13:41:49","slug":"koszonjuk-megkereseset","status":"publish","type":"page","link":"https:\/\/artfronthungary.hu\/en\/koszonjuk-megkereseset\/","title":{"rendered":"K\u00f6sz\u00f6nj\u00fck megkeres\u00e9s\u00e9t"},"content":{"rendered":"<p>K\u00f6sz\u00f6nj\u00fck, hogy kapcsolatba l\u00e9pett vel\u00fcnk! Hamarosan felvessz\u00fck \u00d6nnel a kapcsolatot.<br \/>\nThanks for contacting us! We will be in touch with you shortly.<\/p>","protected":false},"excerpt":{"rendered":"<p>K\u00f6sz\u00f6nj\u00fck, hogy kapcsolatba l\u00e9pett vel\u00fcnk! Hamarosan felvessz\u00fck \u00d6nnel a kapcsolatot. Thanks for contacting us! We will be in touch with you shortly.<\/p>","protected":false},"author":1,"featured_media":0,"parent":0,"menu_order":0,"comment_status":"closed","ping_status":"closed","template":"","meta":{"_monsterinsights_skip_tracking":false,"_monsterinsights_sitenote_active":false,"_monsterinsights_sitenote_note":"","_monsterinsights_sitenote_category":0,"footnotes":""},"class_list":["post-5985","page","type-page","status-publish","hentry"],"aioseo_notices":[],"_links":{"self":[{"href":"https:\/\/artfronthungary.hu\/en\/wp-json\/wp\/v2\/pages\/5985","targetHints":{"allow":["GET"]}}],"collection":[{"href":"https:\/\/artfronthungary.hu\/en\/wp-json\/wp\/v2\/pages"}],"about":[{"href":"https:\/\/artfronthungary.hu\/en\/wp-json\/wp\/v2\/types\/page"}],"author":[{"embeddable":true,"href":"https:\/\/artfronthungary.hu\/en\/wp-json\/wp\/v2\/users\/1"}],"replies":[{"embeddable":true,"href":"https:\/\/artfronthungary.hu\/en\/wp-json\/wp\/v2\/comments?post=5985"}],"version-history":[{"count":1,"href":"https:\/\/artfronthungary.hu\/en\/wp-json\/wp\/v2\/pages\/5985\/revisions"}],"predecessor-version":[{"id":5986,"href":"https:\/\/artfronthungary.hu\/en\/wp-json\/wp\/v2\/pages\/5985\/revisions\/5986"}],"wp:attachment":[{"href":"https:\/\/artfronthungary.hu\/en\/wp-json\/wp\/v2\/media?parent=5985"}],"curies":[{"name":"wp","href":"https:\/\/api.w.org\/{rel}","templated":true}]}}